{"id":1110,"date":"2026-01-13T08:54:09","date_gmt":"2026-01-13T08:54:09","guid":{"rendered":"https:\/\/amicomcsp.pl\/?post_type=product&#038;p=1110"},"modified":"2026-01-13T08:55:41","modified_gmt":"2026-01-13T08:55:41","slug":"posnet-mobile2-online","status":"publish","type":"product","link":"https:\/\/amicomcsp.pl\/index.php\/produkt\/posnet-mobile2-online\/","title":{"rendered":"POSNET Mobile2 Online"},"content":{"rendered":"<p>Wrzu\u0107 j\u0105 do teczki lub wsad\u017a do kieszeni. To najmniejsza kasa fiskalna ONLINE na rynku, z kt\u00f3r\u0105 udasz si\u0119 w dowolne miejsce, by sprzeda\u0107 swoje us\u0142ugi lub produkty.<\/p>\n<p>Teraz dodatkowo zosta\u0142a wyposa\u017cona w bezprzewodowe interfejsy komunikacyjne. Do wyboru u\u017cytkownika jest wersja z WiFi\/Bluetooth lub ze zintegrowanym modemem GPRS i kart\u0105 SIM.<\/p>\n<p><strong>PO\u0141\u0104CZ SI\u0118 Z CRK<\/strong><br \/>\nKa\u017cda kasa MOBILE ONLINE wyposa\u017cona jest w bezprzewodowy interfejs komunikacyjny za pomoc\u0105 kt\u00f3rego mo\u017cna skomunikowa\u0107 si\u0119 z CRK.<\/p>\n<p>Kasa dost\u0119pna w 2 wersjach:<\/p>\n<ul>\n<li>z WiFi,<\/li>\n<li>ze zintegrowanym modemem GPRS i kart\u0105 SIM &#8211; mobilne, kompaktowe rozwi\u0105zanie dla u\u017cytkownik\u00f3w chc\u0105cych przesy\u0142a\u0107 dane do CRK poprzez sie\u0107 GSM.<br \/>\nKarta SIM zainstalowana w kasach posiada uruchomion\u0105 us\u0142ug\u0105 przesy\u0142u danych.<\/li>\n<\/ul>\n<p>Wersje kas s\u0105 konstrukcjami zamkni\u0119tymi, interfejsy komunikacyjne instalowane na etapie produkcyjnym, bez mo\u017cliwo\u015bci p\u00f3\u017aniejszej rozbudowy.<\/p>\n<p>Standardowo ka\u017cda kasa wyposa\u017cona jest r\u00f3wnie\u017c w kart\u0119 sieciow\u0105 na USB. Wybierz taki rodzaj kasy, kt\u00f3ry najbardziej b\u0119dzie odpowiada\u0142 Twojej dzia\u0142alno\u015bci.<\/p>\n<p>Pobierz instrukcj\u0119 dotycz\u0105c\u0105 skonfigurowania po\u0142\u0105czenia z CRK w kasach Posnet ONLINE (instrukcja Quick OnLine &#8211; PDF).<\/p>\n<p><strong>MA\u0141E JEST \u2026 FUNKCJONALNE<\/strong><br \/>\nKasa Mobile ONLINE jest ma\u0142a, ale bardzo wydajna. Pozwoli Ci wydrukowa\u0107 8 000 paragon\u00f3w bez dodatkowego zasilania. Poza zasilaniem sieciowym kas\u0119 Mobile ONLINE na\u0142adujesz za pomoc\u0105 kabla USB pod\u0142\u0105czonego do komputera lub \u0142adowarki samochodowej. Co wi\u0119cej, na paragonach mo\u017cesz zaprojektowa\u0107 logo lub nazw\u0119 swojej firmy.<\/p>\n<p><strong>WRZU\u0106 I DRUKUJ<\/strong><br \/>\nWymiana papieru zajmuje kilka sekund. Polega na wykonaniu trzech, prostych ruch\u00f3w: otwierasz &#8211; wrzucasz papier &#8211; zamykasz. I mo\u017cesz pracowa\u0107 dalej.<\/p>\n<p><strong>UBIERZ SWOJ\u0104 KAS\u0118<\/strong><br \/>\nDla zabezpieczenia kasy Mobile ONLINE polecamy eleganckie, sk\u00f3rzane etui. Mo\u017cliwo\u015b\u0107 wyboru jasnej lub ciemnej wersji kolorystycznej dodatkowo ozdobi Twoje urz\u0105dzenie.<\/p>\n<p><strong>MOBILE ONLINE Z MODEMEM GPRS Z KART\u0104 SIM<\/strong><br \/>\nWersje urz\u0105dzenia z modemem GPRS wyposa\u017cone s\u0105 w kart\u0119 SIM z uruchomion\u0105 us\u0142ug\u0105 przesy\u0142u danych na okres 100 miesi\u0119cy. Uruchomienie karty\/us\u0142ugi nie wymaga dodatkowych formalno\u015bci, ani czynno\u015bci, nast\u0119puje automatycznie, tu\u017c po inicjalizacji przesy\u0142u danych.<\/p>\n<p>* Koszty uruchomienia i przesy\u0142u danych wliczone w cen\u0119 urz\u0105dzenia.<\/p>\n","protected":false},"excerpt":{"rendered":"<p>Wrzu\u0107 j\u0105 do teczki lub wsad\u017a do kieszeni. To najmniejsza kasa fiskalna ONLINE na rynku, z kt\u00f3r\u0105 udasz si\u0119 w dowolne miejsce, by sprzeda\u0107 swoje us\u0142ugi lub produkty. Teraz dodatkowo zosta\u0142a wyposa\u017cona w bezprzewodowe interfejsy komunikacyjne. Do wyboru u\u017cytkownika jest wersja z WiFi\/Bluetooth lub ze zintegrowanym modemem GPRS i kart\u0105 SIM. PO\u0141\u0104CZ SI\u0118 Z CRK Ka\u017cda kasa MOBILE ONLINE wyposa\u017cona jest w bezprzewodowy interfejs komunikacyjny za pomoc\u0105 kt\u00f3rego mo\u017cna skomunikowa\u0107 si\u0119 z CRK. Kasa dost\u0119pna w 2 wersjach: z WiFi, ze zintegrowanym modemem GPRS i kart\u0105 SIM &#8211; mobilne, kompaktowe rozwi\u0105zanie dla u\u017cytkownik\u00f3w chc\u0105cych przesy\u0142a\u0107 dane do CRK poprzez sie\u0107 GSM. Karta SIM zainstalowana w kasach posiada uruchomion\u0105 us\u0142ug\u0105 przesy\u0142u danych. Wersje kas s\u0105 konstrukcjami zamkni\u0119tymi, interfejsy komunikacyjne instalowane na etapie produkcyjnym, bez mo\u017cliwo\u015bci p\u00f3\u017aniejszej rozbudowy. Standardowo ka\u017cda kasa wyposa\u017cona jest r\u00f3wnie\u017c w kart\u0119 sieciow\u0105 na USB. Wybierz taki rodzaj kasy, kt\u00f3ry najbardziej b\u0119dzie odpowiada\u0142 Twojej dzia\u0142alno\u015bci. Pobierz instrukcj\u0119 dotycz\u0105c\u0105 skonfigurowania po\u0142\u0105czenia z CRK w kasach Posnet ONLINE (instrukcja Quick OnLine &#8211; PDF). MA\u0141E JEST \u2026 FUNKCJONALNE Kasa Mobile ONLINE jest ma\u0142a, ale bardzo wydajna. Pozwoli Ci wydrukowa\u0107 8 000 paragon\u00f3w bez dodatkowego zasilania. Poza zasilaniem sieciowym kas\u0119 Mobile ONLINE na\u0142adujesz za pomoc\u0105 kabla USB pod\u0142\u0105czonego do komputera lub \u0142adowarki samochodowej. Co wi\u0119cej, na paragonach mo\u017cesz zaprojektowa\u0107 logo lub nazw\u0119 swojej firmy. WRZU\u0106 I DRUKUJ Wymiana papieru zajmuje kilka sekund. Polega na wykonaniu trzech, prostych ruch\u00f3w: otwierasz &#8211; wrzucasz papier &#8211; zamykasz. I mo\u017cesz pracowa\u0107 dalej. UBIERZ SWOJ\u0104 KAS\u0118 Dla zabezpieczenia kasy Mobile ONLINE polecamy eleganckie, sk\u00f3rzane etui. Mo\u017cliwo\u015b\u0107 wyboru jasnej lub ciemnej wersji kolorystycznej dodatkowo ozdobi Twoje urz\u0105dzenie. MOBILE ONLINE Z MODEMEM GPRS Z KART\u0104 SIM Wersje urz\u0105dzenia z modemem GPRS wyposa\u017cone s\u0105 w kart\u0119 SIM z uruchomion\u0105 us\u0142ug\u0105 przesy\u0142u danych na okres 100 miesi\u0119cy. Uruchomienie karty\/us\u0142ugi nie wymaga dodatkowych formalno\u015bci, ani czynno\u015bci, nast\u0119puje automatycznie, tu\u017c po inicjalizacji przesy\u0142u danych. * Koszty uruchomienia i przesy\u0142u danych wliczone w cen\u0119 urz\u0105dzenia.<\/p>\n","protected":false},"featured_media":1114,"comment_status":"open","ping_status":"closed","template":"","meta":{"_kad_post_transparent":"default","_kad_post_title":"","_kad_post_layout":"default","_kad_post_sidebar_id":"","_kad_post_content_style":"default","_kad_post_vertical_padding":"default","_kad_post_feature":"","_kad_post_feature_position":"","_kad_post_header":false,"_kad_post_footer":false},"product_brand":[17],"product_cat":[19],"product_tag":[],"class_list":{"0":"post-1110","1":"product","2":"type-product","3":"status-publish","4":"has-post-thumbnail","6":"product_brand-posnet","7":"product_cat-kasy-fiskalne","9":"first","10":"instock","11":"shipping-taxable","12":"purchasable","13":"product-type-variable","14":"has-default-attributes","15":"entry","16":"content-bg","17":"loop-entry"},"_links":{"self":[{"href":"https:\/\/amicomcsp.pl\/index.php\/wp-json\/wp\/v2\/product\/1110","targetHints":{"allow":["GET"]}}],"collection":[{"href":"https:\/\/amicomcsp.pl\/index.php\/wp-json\/wp\/v2\/product"}],"about":[{"href":"https:\/\/amicomcsp.pl\/index.php\/wp-json\/wp\/v2\/types\/product"}],"replies":[{"embeddable":true,"href":"https:\/\/amicomcsp.pl\/index.php\/wp-json\/wp\/v2\/comments?post=1110"}],"wp:featuredmedia":[{"embeddable":true,"href":"https:\/\/amicomcsp.pl\/index.php\/wp-json\/wp\/v2\/media\/1114"}],"wp:attachment":[{"href":"https:\/\/amicomcsp.pl\/index.php\/wp-json\/wp\/v2\/media?parent=1110"}],"wp:term":[{"taxonomy":"product_brand","embeddable":true,"href":"https:\/\/amicomcsp.pl\/index.php\/wp-json\/wp\/v2\/product_brand?post=1110"},{"taxonomy":"product_cat","embeddable":true,"href":"https:\/\/amicomcsp.pl\/index.php\/wp-json\/wp\/v2\/product_cat?post=1110"},{"taxonomy":"product_tag","embeddable":true,"href":"https:\/\/amicomcsp.pl\/index.php\/wp-json\/wp\/v2\/product_tag?post=1110"}],"curies":[{"name":"wp","href":"https:\/\/api.w.org\/{rel}","templated":true}]}}