{"id":242,"date":"2025-10-21T07:16:50","date_gmt":"2025-10-21T07:16:50","guid":{"rendered":"https:\/\/amicomcsp.pl\/?post_type=product&#038;p=242"},"modified":"2025-10-23T07:05:31","modified_gmt":"2025-10-23T07:05:31","slug":"fawag-lite-online","status":"publish","type":"product","link":"https:\/\/amicomcsp.pl\/index.php\/produkt\/fawag-lite-online\/","title":{"rendered":"FAWAG Lite Online"},"content":{"rendered":"<p>To pierwsza kasa produkowana przez sp\u00f3\u0142k\u0119 Lubelskie Fabryki Wag FAWAG S.A. w wersji ONLINE. Jest ma\u0142a, solidna i prosta w obs\u0142udze, a tak\u017ce ergonomiczna i funkcjonalna. Mo\u017cna do niej podpi\u0105\u0107 szuflad\u0119 kasjersk\u0105, skaner kod\u00f3w kreskowych, wag\u0119, terminal p\u0142atniczy i komputer.<\/p>\n<p><strong>PO\u0141\u0104CZ SI\u0118 Z CRK<\/strong><br \/>\nKas\u0119 Fawag Lite ONLINE mo\u017cna pod\u0142\u0105czy\u0107 do Centralnego Repozytorium Kas a\u017c na pi\u0119\u0107 sposob\u00f3w &#8211; wybierz taki , kt\u00f3rego potrzebujesz!<\/p>\n<p>1) Z Centralnym Repozytorium Kas mo\u017cesz po\u0142\u0105czy\u0107 si\u0119 za pomoc\u0105 standardowego portu komunikacyjnego LAN\/Ethernet.<br \/>\n2) Je\u015bli posiadasz komputer po\u0142\u0105czony z Internetem mo\u017cesz pod\u0142\u0105czy\u0107 kas\u0119 do komputera wykorzystuj\u0105c z\u0142\u0105cze USB.<br \/>\n3) Potrzebujesz komunikacji bezprzewodowej? Zam\u00f3w Fawag Lite ONLINE w wersji z WiFi.<br \/>\n4) Nie posiadasz internetu na sta\u0142e? Nie martw si\u0119. Z CRK mo\u017cesz si\u0119 r\u00f3wnie\u017c po\u0142\u0105czy\u0107 przez uniwersalny modem BOX 3G. Dodatkowe akcesorium umo\u017cliwia po\u0142\u0105czenie z CRK poprzez sie\u0107 kom\u00f3rkow\u0105, po zainstalowaniu karty SIM micro dowolnego operatora.<br \/>\n5) Skorzystaj z Netpay &#8211; terminala p\u0142atniczego, kt\u00f3ry w po\u0142\u0105czeniu z kas\u0105 fiskaln\u0105 ONLINE pozwala na realizowanie p\u0142atno\u015bci bezgot\u00f3wkowych (dla wersji Fawag Lite Online 1.02 i Fawag Lite Online 2.01)<\/p>\n<p><strong>SZCZEG\u00d3LNIE POLECANA DO<\/strong><\/p>\n<ul>\n<li>ma\u0142e sklepy<\/li>\n<li>punkty us\u0142ugowe<\/li>\n<li>salony fryzjerskie i kosmetyczne<\/li>\n<li>warsztaty samochodowe<\/li>\n<li>kwiaciarnie<\/li>\n<li>butiki<\/li>\n<li>punkty gastronomiczne typu fast-food itp.<\/li>\n<li>wyspy marketowe<\/li>\n<\/ul>\n","protected":false},"excerpt":{"rendered":"<p>To pierwsza kasa produkowana przez sp\u00f3\u0142k\u0119 Lubelskie Fabryki Wag FAWAG S.A. w wersji ONLINE. Jest ma\u0142a, solidna i prosta w obs\u0142udze, a tak\u017ce ergonomiczna i funkcjonalna. Mo\u017cna do niej podpi\u0105\u0107 szuflad\u0119 kasjersk\u0105, skaner kod\u00f3w kreskowych, wag\u0119, terminal p\u0142atniczy i komputer. PO\u0141\u0104CZ SI\u0118 Z CRK Kas\u0119 Fawag Lite ONLINE mo\u017cna pod\u0142\u0105czy\u0107 do Centralnego Repozytorium Kas a\u017c na pi\u0119\u0107 sposob\u00f3w &#8211; wybierz taki , kt\u00f3rego potrzebujesz! 1) Z Centralnym Repozytorium Kas mo\u017cesz po\u0142\u0105czy\u0107 si\u0119 za pomoc\u0105 standardowego portu komunikacyjnego LAN\/Ethernet. 2) Je\u015bli posiadasz komputer po\u0142\u0105czony z Internetem mo\u017cesz pod\u0142\u0105czy\u0107 kas\u0119 do komputera wykorzystuj\u0105c z\u0142\u0105cze USB. 3) Potrzebujesz komunikacji bezprzewodowej? Zam\u00f3w Fawag Lite ONLINE w wersji z WiFi. 4) Nie posiadasz internetu na sta\u0142e? Nie martw si\u0119. Z CRK mo\u017cesz si\u0119 r\u00f3wnie\u017c po\u0142\u0105czy\u0107 przez uniwersalny modem BOX 3G. Dodatkowe akcesorium umo\u017cliwia po\u0142\u0105czenie z CRK poprzez sie\u0107 kom\u00f3rkow\u0105, po zainstalowaniu karty SIM micro dowolnego operatora. 5) Skorzystaj z Netpay &#8211; terminala p\u0142atniczego, kt\u00f3ry w po\u0142\u0105czeniu z kas\u0105 fiskaln\u0105 ONLINE pozwala na realizowanie p\u0142atno\u015bci bezgot\u00f3wkowych (dla wersji Fawag Lite Online 1.02 i Fawag Lite Online 2.01) SZCZEG\u00d3LNIE POLECANA DO ma\u0142e sklepy punkty us\u0142ugowe salony fryzjerskie i kosmetyczne warsztaty samochodowe kwiaciarnie butiki punkty gastronomiczne typu fast-food itp. wyspy marketowe<\/p>\n","protected":false},"featured_media":250,"comment_status":"open","ping_status":"closed","template":"","meta":{"_kad_post_transparent":"default","_kad_post_title":"","_kad_post_layout":"default","_kad_post_sidebar_id":"","_kad_post_content_style":"default","_kad_post_vertical_padding":"default","_kad_post_feature":"","_kad_post_feature_position":"","_kad_post_header":false,"_kad_post_footer":false},"product_brand":[17],"product_cat":[19],"product_tag":[],"class_list":{"0":"post-242","1":"product","2":"type-product","3":"status-publish","4":"has-post-thumbnail","6":"product_brand-posnet","7":"product_cat-kasy-fiskalne","9":"first","10":"instock","11":"shipping-taxable","12":"purchasable","13":"product-type-variable","14":"has-default-attributes","15":"entry","16":"content-bg","17":"loop-entry"},"_links":{"self":[{"href":"https:\/\/amicomcsp.pl\/index.php\/wp-json\/wp\/v2\/product\/242","targetHints":{"allow":["GET"]}}],"collection":[{"href":"https:\/\/amicomcsp.pl\/index.php\/wp-json\/wp\/v2\/product"}],"about":[{"href":"https:\/\/amicomcsp.pl\/index.php\/wp-json\/wp\/v2\/types\/product"}],"replies":[{"embeddable":true,"href":"https:\/\/amicomcsp.pl\/index.php\/wp-json\/wp\/v2\/comments?post=242"}],"wp:featuredmedia":[{"embeddable":true,"href":"https:\/\/amicomcsp.pl\/index.php\/wp-json\/wp\/v2\/media\/250"}],"wp:attachment":[{"href":"https:\/\/amicomcsp.pl\/index.php\/wp-json\/wp\/v2\/media?parent=242"}],"wp:term":[{"taxonomy":"product_brand","embeddable":true,"href":"https:\/\/amicomcsp.pl\/index.php\/wp-json\/wp\/v2\/product_brand?post=242"},{"taxonomy":"product_cat","embeddable":true,"href":"https:\/\/amicomcsp.pl\/index.php\/wp-json\/wp\/v2\/product_cat?post=242"},{"taxonomy":"product_tag","embeddable":true,"href":"https:\/\/amicomcsp.pl\/index.php\/wp-json\/wp\/v2\/product_tag?post=242"}],"curies":[{"name":"wp","href":"https:\/\/api.w.org\/{rel}","templated":true}]}}