{"id":280,"date":"2025-10-21T10:13:05","date_gmt":"2025-10-21T10:13:05","guid":{"rendered":"https:\/\/amicomcsp.pl\/?post_type=product&#038;p=280"},"modified":"2025-10-28T19:32:22","modified_gmt":"2025-10-28T19:32:22","slug":"posnet-ergo-online","status":"publish","type":"product","link":"https:\/\/amicomcsp.pl\/index.php\/produkt\/posnet-ergo-online\/","title":{"rendered":"POSNET Ergo Online"},"content":{"rendered":"<p>Jedna z najbardziej popularnych kas fiskalnych na rynku. Urz\u0105dzenie, dzi\u0119ki modu\u0142owej konstrukcji, zapewnia u\u017cytkownikowi swobod\u0119 wyboru mi\u0119dzy przewodowym lub bezprzewodowym po\u0142\u0105czeniem z Centralnym Repozytorium Kas (CRK).<\/p>\n<p><strong>PO\u0141\u0104CZ SI\u0118 Z CRK<\/strong><br \/>\nJe\u015bli masz komputer po\u0142\u0105czony z Internetem &#8211; pod\u0142\u0105cz kas\u0119 do komputera za pomoc\u0105 z\u0142\u0105cza USB i nie p\u0142a\u0107 dodatkowo za transmisj\u0119 danych. To podstawowa wersja kasy.<br \/>\nW dowolnym momencie mo\u017cesz doposa\u017cy\u0107 Ergo w modu\u0142y komunikacyjne. Czy masz w swoim sklepie Internet i WiFi? Mo\u017cesz go wykorzysta\u0107 do komunikacji z CRK (po uprzedniej instalacji modu\u0142u rozszerzenia II w kasie). \u015awiadczysz us\u0142ugi lub prowadzisz handel mobilny w terenie? Po\u0142\u0105cz si\u0119 z CRK za pomoc\u0105 sieci kom\u00f3rkowej. Ten rodzaj po\u0142\u0105czenia mo\u017cesz uzyska\u0107 poprzez instalacj\u0119 modu\u0142 rozszerzenia III z kart\u0105 SIM.<br \/>\n\u015aci\u0105gnij instrukcj\u0119 dotycz\u0105c\u0105 skonfigurowania po\u0142\u0105czenia z CRK w kasach Posnet ONLINE (instrukcja Quick OnLine &#8211; PDF).<\/p>\n<p><strong>SUMA WSZYSTKICH ZALET<\/strong><br \/>\nKasa ERGO ONLINE \u0142\u0105czy w sobie zalety wszystkich naszych kas. Mo\u017ce dzia\u0142a\u0107 samodzielnie, jak r\u00f3wnie\u017c stanowi\u0107 element systemu kasowego. Do kasy pod\u0142\u0105czysz wag\u0119, skaner kod\u00f3w kreskowych, terminal p\u0142atniczy itp. Konstrukcja kasy, podobnie jak innych urz\u0105dze\u0144 POSNET, jest w stanie wytrzyma\u0107 upadki, wstrz\u0105sy czy zachlapanie.<\/p>\n<p><strong>ZINTEGRUJ SI\u0118 Z WAG\u0104<\/strong><br \/>\nPoszerz mo\u017cliwo\u015bci swojej kasy ERGO ONLINE, wykorzystuj\u0105c j\u0105 jako nowoczesn\u0105 i rozbudowan\u0105 kasowag\u0119. Jako pierwsi wprowadzili\u015bmy standard po\u0142\u0105czenia kasy z szalk\u0105 wa\u017c\u0105c\u0105 DS1. Takie rozwi\u0105zanie umo\u017cliwia obs\u0142ug\u0119 wagi bezpo\u015brednio z klawiatury kasy. Postaw na innowacyjno\u015b\u0107 &#8211; oszcz\u0119dno\u015b\u0107 czasu, miejsca i energii!<\/p>\n<p><strong>WRZU\u0106 I DRUKUJ<\/strong><br \/>\nWymiana papieru zajmuje kilka sekund. Polega na wykonaniu trzech, prostych ruch\u00f3w: otwierasz &#8211; wrzucasz papier &#8211; zamykasz. I mo\u017cesz pracowa\u0107 dalej.<\/p>\n<p><strong>ZWI\u0118KSZ BAZ\u0118 PLU<\/strong><br \/>\nBez wzgl\u0119du na to, jak\u0105 dzia\u0142alno\u015b\u0107 prowadzisz, mo\u017cesz dostosowa\u0107 pojemno\u015b\u0107 bazy PLU do ilo\u015bci towar\u00f3w b\u0105d\u017a us\u0142ug, kt\u00f3re sprzedajesz. W zale\u017cno\u015bci od potrzeb na Twoim ERGO ONLINE mo\u017cesz zdefiniowa\u0107 4000, 6000 lub 8000 nazw towar\u00f3w lub us\u0142ug.<\/p>\n<p><strong>GRAFICZNE WY\u015aWIETLACZE<\/strong><br \/>\nERGO ONLINE posiada dwa graficzne wy\u015bwietlacze, dzi\u0119ki czemu zoptymalizowali\u015bmy czytelno\u015b\u0107 prezentowanych informacji. Dodatkowo wydzielili\u015bmy pole przeznaczone na wy\u015bwietlanie wskaza\u0144 z wagi. Zar\u00f3wno klient, jak i sprzedaj\u0105cy na bie\u017c\u0105co otrzymuj\u0105 pe\u0142n\u0105 informacj\u0119 o zakupach.<\/p>\n<p><strong>BLIKIEM NA KASACH POSNET<\/strong><br \/>\nDzi\u0119ki us\u0142udze \u201eBLIKIEM na kasach POSNET\u201d zyskujesz mo\u017cliwo\u015b\u0107 obs\u0142ugi p\u0142atno\u015bci bezgot\u00f3wkowych bez potrzeby kupowania terminala p\u0142atniczego. Teraz mo\u017cesz doda\u0107 kod BLIK bezpo\u015brednio na kasie fiskalnej i wygodnie przyj\u0105\u0107 p\u0142atno\u015b\u0107 od klienta.<\/p>\n<p><strong>SPRAWDZA SI\u0118 NA MIEJSCU I W TERENIE<\/strong><br \/>\nNiezale\u017cnie od tego czy posiadasz punkt handlowy, czy \u015bwiadczysz us\u0142ugi, pracujesz stacjonarnie, a mo\u017ce w terenie? Kasa ERGO ONLINE doskonale sprawdzi si\u0119 w ka\u017cdej sytuacji.<\/p>\n<p>ERGO ONLINE mo\u017cesz tak\u017ce wykorzysta\u0107 \u015bwiadcz\u0105c us\u0142ugi u klienta (np. mobilne kosmetyczki), na festynie lub jarmarku, je\u015bli wystawisz tam swoje stoisko. A kiedy zamienisz ma\u0142y sklep w du\u017cy salon, wystarczy, \u017ce dodasz odpowiednie modu\u0142y, poszerzysz baz\u0119 PLU i Posnet ERGO ONLINE nadal b\u0119dzie Ci s\u0142u\u017cy\u0107.<\/p>\n<p>Szczeg\u00f3lnie polecamy kas\u0119 do: sklep\u00f3w internetowych, piekarni, cukierni, salon\u00f3w fryzjerskich i kosmetycznych, wysp marketowych i ma\u0142ych punkt\u00f3w gastronomicznych (fast-foody, food-trucki).<\/p>\n","protected":false},"excerpt":{"rendered":"<p>Jedna z najbardziej popularnych kas fiskalnych na rynku. Urz\u0105dzenie, dzi\u0119ki modu\u0142owej konstrukcji, zapewnia u\u017cytkownikowi swobod\u0119 wyboru mi\u0119dzy przewodowym lub bezprzewodowym po\u0142\u0105czeniem z Centralnym Repozytorium Kas (CRK). PO\u0141\u0104CZ SI\u0118 Z CRK Je\u015bli masz komputer po\u0142\u0105czony z Internetem &#8211; pod\u0142\u0105cz kas\u0119 do komputera za pomoc\u0105 z\u0142\u0105cza USB i nie p\u0142a\u0107 dodatkowo za transmisj\u0119 danych. To podstawowa wersja kasy. W dowolnym momencie mo\u017cesz doposa\u017cy\u0107 Ergo w modu\u0142y komunikacyjne. Czy masz w swoim sklepie Internet i WiFi? Mo\u017cesz go wykorzysta\u0107 do komunikacji z CRK (po uprzedniej instalacji modu\u0142u rozszerzenia II w kasie). \u015awiadczysz us\u0142ugi lub prowadzisz handel mobilny w terenie? Po\u0142\u0105cz si\u0119 z CRK za pomoc\u0105 sieci kom\u00f3rkowej. Ten rodzaj po\u0142\u0105czenia mo\u017cesz uzyska\u0107 poprzez instalacj\u0119 modu\u0142 rozszerzenia III z kart\u0105 SIM. \u015aci\u0105gnij instrukcj\u0119 dotycz\u0105c\u0105 skonfigurowania po\u0142\u0105czenia z CRK w kasach Posnet ONLINE (instrukcja Quick OnLine &#8211; PDF). SUMA WSZYSTKICH ZALET Kasa ERGO ONLINE \u0142\u0105czy w sobie zalety wszystkich naszych kas. Mo\u017ce dzia\u0142a\u0107 samodzielnie, jak r\u00f3wnie\u017c stanowi\u0107 element systemu kasowego. Do kasy pod\u0142\u0105czysz wag\u0119, skaner kod\u00f3w kreskowych, terminal p\u0142atniczy itp. Konstrukcja kasy, podobnie jak innych urz\u0105dze\u0144 POSNET, jest w stanie wytrzyma\u0107 upadki, wstrz\u0105sy czy zachlapanie. ZINTEGRUJ SI\u0118 Z WAG\u0104 Poszerz mo\u017cliwo\u015bci swojej kasy ERGO ONLINE, wykorzystuj\u0105c j\u0105 jako nowoczesn\u0105 i rozbudowan\u0105 kasowag\u0119. Jako pierwsi wprowadzili\u015bmy standard po\u0142\u0105czenia kasy z szalk\u0105 wa\u017c\u0105c\u0105 DS1. Takie rozwi\u0105zanie umo\u017cliwia obs\u0142ug\u0119 wagi bezpo\u015brednio z klawiatury kasy. Postaw na innowacyjno\u015b\u0107 &#8211; oszcz\u0119dno\u015b\u0107 czasu, miejsca i energii! WRZU\u0106 I DRUKUJ Wymiana papieru zajmuje kilka sekund. Polega na wykonaniu trzech, prostych ruch\u00f3w: otwierasz &#8211; wrzucasz papier &#8211; zamykasz. I mo\u017cesz pracowa\u0107 dalej. ZWI\u0118KSZ BAZ\u0118 PLU Bez wzgl\u0119du na to, jak\u0105 dzia\u0142alno\u015b\u0107 prowadzisz, mo\u017cesz dostosowa\u0107 pojemno\u015b\u0107 bazy PLU do ilo\u015bci towar\u00f3w b\u0105d\u017a us\u0142ug, kt\u00f3re sprzedajesz. W zale\u017cno\u015bci od potrzeb na Twoim ERGO ONLINE mo\u017cesz zdefiniowa\u0107 4000, 6000 lub 8000 nazw towar\u00f3w lub us\u0142ug. GRAFICZNE WY\u015aWIETLACZE ERGO ONLINE posiada dwa graficzne wy\u015bwietlacze, dzi\u0119ki czemu zoptymalizowali\u015bmy czytelno\u015b\u0107 prezentowanych informacji. Dodatkowo wydzielili\u015bmy pole przeznaczone na wy\u015bwietlanie wskaza\u0144 z wagi. Zar\u00f3wno klient, jak i sprzedaj\u0105cy na bie\u017c\u0105co otrzymuj\u0105 pe\u0142n\u0105 informacj\u0119 o zakupach. BLIKIEM NA KASACH POSNET Dzi\u0119ki us\u0142udze \u201eBLIKIEM na kasach POSNET\u201d zyskujesz mo\u017cliwo\u015b\u0107 obs\u0142ugi p\u0142atno\u015bci bezgot\u00f3wkowych bez potrzeby kupowania terminala p\u0142atniczego. Teraz mo\u017cesz doda\u0107 kod BLIK bezpo\u015brednio na kasie fiskalnej i wygodnie przyj\u0105\u0107 p\u0142atno\u015b\u0107 od klienta. SPRAWDZA SI\u0118 NA MIEJSCU I W TERENIE Niezale\u017cnie od tego czy posiadasz punkt handlowy, czy \u015bwiadczysz us\u0142ugi, pracujesz stacjonarnie, a mo\u017ce w terenie? Kasa ERGO ONLINE doskonale sprawdzi si\u0119 w ka\u017cdej sytuacji. ERGO ONLINE mo\u017cesz tak\u017ce wykorzysta\u0107 \u015bwiadcz\u0105c us\u0142ugi u klienta (np. mobilne kosmetyczki), na festynie lub jarmarku, je\u015bli wystawisz tam swoje stoisko. A kiedy zamienisz ma\u0142y sklep w du\u017cy salon, wystarczy, \u017ce dodasz odpowiednie modu\u0142y, poszerzysz baz\u0119 PLU i Posnet ERGO ONLINE nadal b\u0119dzie Ci s\u0142u\u017cy\u0107. Szczeg\u00f3lnie polecamy kas\u0119 do: sklep\u00f3w internetowych, piekarni, cukierni, salon\u00f3w fryzjerskich i kosmetycznych, wysp marketowych i ma\u0142ych punkt\u00f3w gastronomicznych (fast-foody, food-trucki).<\/p>\n","protected":false},"featured_media":252,"comment_status":"open","ping_status":"closed","template":"","meta":{"_kad_post_transparent":"default","_kad_post_title":"","_kad_post_layout":"default","_kad_post_sidebar_id":"","_kad_post_content_style":"default","_kad_post_vertical_padding":"default","_kad_post_feature":"","_kad_post_feature_position":"","_kad_post_header":false,"_kad_post_footer":false},"product_brand":[17],"product_cat":[19],"product_tag":[],"class_list":{"0":"post-280","1":"product","2":"type-product","3":"status-publish","4":"has-post-thumbnail","6":"product_brand-posnet","7":"product_cat-kasy-fiskalne","9":"first","10":"instock","11":"shipping-taxable","12":"purchasable","13":"product-type-variable","14":"has-default-attributes","15":"entry","16":"content-bg","17":"loop-entry"},"_links":{"self":[{"href":"https:\/\/amicomcsp.pl\/index.php\/wp-json\/wp\/v2\/product\/280","targetHints":{"allow":["GET"]}}],"collection":[{"href":"https:\/\/amicomcsp.pl\/index.php\/wp-json\/wp\/v2\/product"}],"about":[{"href":"https:\/\/amicomcsp.pl\/index.php\/wp-json\/wp\/v2\/types\/product"}],"replies":[{"embeddable":true,"href":"https:\/\/amicomcsp.pl\/index.php\/wp-json\/wp\/v2\/comments?post=280"}],"wp:featuredmedia":[{"embeddable":true,"href":"https:\/\/amicomcsp.pl\/index.php\/wp-json\/wp\/v2\/media\/252"}],"wp:attachment":[{"href":"https:\/\/amicomcsp.pl\/index.php\/wp-json\/wp\/v2\/media?parent=280"}],"wp:term":[{"taxonomy":"product_brand","embeddable":true,"href":"https:\/\/amicomcsp.pl\/index.php\/wp-json\/wp\/v2\/product_brand?post=280"},{"taxonomy":"product_cat","embeddable":true,"href":"https:\/\/amicomcsp.pl\/index.php\/wp-json\/wp\/v2\/product_cat?post=280"},{"taxonomy":"product_tag","embeddable":true,"href":"https:\/\/amicomcsp.pl\/index.php\/wp-json\/wp\/v2\/product_tag?post=280"}],"curies":[{"name":"wp","href":"https:\/\/api.w.org\/{rel}","templated":true}]}}