{"id":287,"date":"2025-10-21T10:22:55","date_gmt":"2025-10-21T10:22:55","guid":{"rendered":"https:\/\/amicomcsp.pl\/?post_type=product&#038;p=287"},"modified":"2025-10-23T07:04:32","modified_gmt":"2025-10-23T07:04:32","slug":"posnet-bingo-max","status":"publish","type":"product","link":"https:\/\/amicomcsp.pl\/index.php\/produkt\/posnet-bingo-max\/","title":{"rendered":"POSNET Bingo Max2"},"content":{"rendered":"<p>Bingo Max2 to nowa, doskonalsza wersja legendarnej kasy fiskalnej Posnet! W znanej ju\u017c, kompaktowej i eleganckiej formie, zastosowano teraz m. in. nowy, szybszy mechanizm drukuj\u0105cy oraz umo\u017cliwiono p\u0142atno\u015bci BLIK. Dzi\u0119ki opcji rozbudowy o dodatkowe modu\u0142y komunikacji, kasa idealnie sprawdzi si\u0119 w ma\u0142ych i \u015brednich przedsi\u0119biorstwach.<\/p>\n<p><strong>PO\u0141\u0104CZ SI\u0118 Z CRK<\/strong><br \/>\nBingo Max2 zapewnia komunikacj\u0119 z Centralnym Repozytorium Kas za pomoc\u0105 interfejs\u00f3w:<\/p>\n<ul>\n<li>Ethernet<\/li>\n<li>USB<\/li>\n<li>WiFi *<\/li>\n<\/ul>\n<p>Pozwala to optymalnie dopasowa\u0107 spos\u00f3b komunikacji z CRK do warunk\u00f3w, w jakich prowadzony jest biznes.<\/p>\n<p><strong>WYGODNA I WYTRZYMA\u0141A KLAWIATURA<\/strong><br \/>\nBingo Max2 posiada wytrzyma\u0142\u0105 i wygodn\u0105 klawiatur\u0119 mechaniczn\u0105 z mo\u017cliwo\u015bci\u0105 zaprogramowania 42 klawiszy skr\u00f3tu do najwa\u017cniejszych funkcji jak:<\/p>\n<ul>\n<li>sprzeda\u017c szybka,<\/li>\n<li>p\u0142atno\u015b\u0107 kart\u0105,<\/li>\n<li>raport dobowy, miesi\u0119czny itp.<\/li>\n<\/ul>\n<p>Gwarantuje to komfort pracy, a tak\u017ce sprawia, \u017ce jej obs\u0142uga jest prosta i szybka.<\/p>\n<p><strong>CZYTELNE WY\u015aWIETLACZE<\/strong><br \/>\nZastosowanie graficznych, pod\u015bwietlanych wy\u015bwietlaczy z du\u017c\u0105 i czyteln\u0105 czcionk\u0105, zapewnia wygod\u0119 oraz komfort pracy na urz\u0105dzeniu.<\/p>\n<p><strong>\u0141ATWA WYMIANA PAPIERU<\/strong><br \/>\nW kasie zastosowano mechanizm drukuj\u0105cy \u201edrop in &#8211; wrzu\u0107 i drukuj\u201d, kt\u00f3ry zapewnia szybk\u0105 i sprawn\u0105 wymian\u0119 papieru. Co wi\u0119cej, mechanizm drukuj\u0105cy jest teraz jeszcze szybszy ni\u017c w Bingo Max ONLINE!<\/p>\n<p><strong>KOMFORT U\u017bYTKOWANIA<\/strong><br \/>\nKasa Bingo Max2 ma nowoczesn\u0105 budow\u0119, niedu\u017ce rozmiary (249 x 99 x 207 mm), intuicyjn\u0105 i wygodn\u0105 klawiatur\u0119, co gwarantuje komfort w u\u017cytkowaniu urz\u0105dzenia.<\/p>\n<p><strong>NETPAY I TRANSAKCJE BEZGOT\u00d3WKOWE<\/strong><br \/>\nBingo Max2 wsp\u00f3\u0142pracuje z terminalem p\u0142atniczym Netpay. Pozwala to realizowa\u0107 p\u0142atno\u015bci bezgot\u00f3wkowe. Dodatkowo, Netpay mo\u017ce zapewni\u0107 kasie po\u0142\u0105czenie z CRK, poprzez udost\u0119pnienie internetu.<\/p>\n<p>Ale to nie wszystko &#8211; kasa, dla zmaksymalizowania wygody p\u0142atno\u015bci klienta, umo\u017cliwia tak\u017ce p\u0142atno\u015bci uniwersalnym standardem BLIK!<\/p>\n<p><strong>WSP\u00d3\u0141PRACA Z INNYMI URZ\u0104DZENIAMI<\/strong><br \/>\nW prosty spos\u00f3b mo\u017cesz poszerzy\u0107 mo\u017cliwo\u015bci kasy Bingo Max2, pod\u0142\u0105czaj\u0105c do niej urz\u0105dzenia wspomagaj\u0105ce sprzeda\u017c, mi\u0119dzy innymi:<\/p>\n<ul>\n<li>wag\u0119,<\/li>\n<li>czytnik kod\u00f3w kreskowych,<\/li>\n<li>terminal p\u0142atniczy,<\/li>\n<li>szuflad\u0119 kasow\u0105.<\/li>\n<\/ul>\n<p><strong>DU\u017bA BAZA TOWAROWA (PLU)<\/strong><br \/>\nBingo Max2 oferuje du\u017c\u0105 baz\u0119 towarow\u0105. W standardowej wersji jest to 10 000 PLU, a po rozszerzeniu do 30 000 PLU, a nawet 60 000 PLU &#8211; to dwa razy wi\u0119cej ni\u017c w Bingo Max ONLINE! Dzi\u0119ki temu, u\u017cytkownik mo\u017ce zaprogramowa\u0107 nawet mocno rozbudowany asortyment produkt\u00f3w.<\/p>\n<p><strong>GOTOWA NA E-PARAGON<\/strong><br \/>\nKasa Bingo Max2 jest produktem w pe\u0142ni nowoczesnym. Ma m.in. funkcjonalno\u015bci pozwalaj\u0105ce jej przesy\u0142a\u0107 e-paragony do klient\u00f3w.<\/p>\n","protected":false},"excerpt":{"rendered":"<p>Bingo Max2 to nowa, doskonalsza wersja legendarnej kasy fiskalnej Posnet! W znanej ju\u017c, kompaktowej i eleganckiej formie, zastosowano teraz m. in. nowy, szybszy mechanizm drukuj\u0105cy oraz umo\u017cliwiono p\u0142atno\u015bci BLIK. Dzi\u0119ki opcji rozbudowy o dodatkowe modu\u0142y komunikacji, kasa idealnie sprawdzi si\u0119 w ma\u0142ych i \u015brednich przedsi\u0119biorstwach. PO\u0141\u0104CZ SI\u0118 Z CRK Bingo Max2 zapewnia komunikacj\u0119 z Centralnym Repozytorium Kas za pomoc\u0105 interfejs\u00f3w: Ethernet USB WiFi * Pozwala to optymalnie dopasowa\u0107 spos\u00f3b komunikacji z CRK do warunk\u00f3w, w jakich prowadzony jest biznes. WYGODNA I WYTRZYMA\u0141A KLAWIATURA Bingo Max2 posiada wytrzyma\u0142\u0105 i wygodn\u0105 klawiatur\u0119 mechaniczn\u0105 z mo\u017cliwo\u015bci\u0105 zaprogramowania 42 klawiszy skr\u00f3tu do najwa\u017cniejszych funkcji jak: sprzeda\u017c szybka, p\u0142atno\u015b\u0107 kart\u0105, raport dobowy, miesi\u0119czny itp. Gwarantuje to komfort pracy, a tak\u017ce sprawia, \u017ce jej obs\u0142uga jest prosta i szybka. CZYTELNE WY\u015aWIETLACZE Zastosowanie graficznych, pod\u015bwietlanych wy\u015bwietlaczy z du\u017c\u0105 i czyteln\u0105 czcionk\u0105, zapewnia wygod\u0119 oraz komfort pracy na urz\u0105dzeniu. \u0141ATWA WYMIANA PAPIERU W kasie zastosowano mechanizm drukuj\u0105cy \u201edrop in &#8211; wrzu\u0107 i drukuj\u201d, kt\u00f3ry zapewnia szybk\u0105 i sprawn\u0105 wymian\u0119 papieru. Co wi\u0119cej, mechanizm drukuj\u0105cy jest teraz jeszcze szybszy ni\u017c w Bingo Max ONLINE! KOMFORT U\u017bYTKOWANIA Kasa Bingo Max2 ma nowoczesn\u0105 budow\u0119, niedu\u017ce rozmiary (249 x 99 x 207 mm), intuicyjn\u0105 i wygodn\u0105 klawiatur\u0119, co gwarantuje komfort w u\u017cytkowaniu urz\u0105dzenia. NETPAY I TRANSAKCJE BEZGOT\u00d3WKOWE Bingo Max2 wsp\u00f3\u0142pracuje z terminalem p\u0142atniczym Netpay. Pozwala to realizowa\u0107 p\u0142atno\u015bci bezgot\u00f3wkowe. Dodatkowo, Netpay mo\u017ce zapewni\u0107 kasie po\u0142\u0105czenie z CRK, poprzez udost\u0119pnienie internetu. Ale to nie wszystko &#8211; kasa, dla zmaksymalizowania wygody p\u0142atno\u015bci klienta, umo\u017cliwia tak\u017ce p\u0142atno\u015bci uniwersalnym standardem BLIK! WSP\u00d3\u0141PRACA Z INNYMI URZ\u0104DZENIAMI W prosty spos\u00f3b mo\u017cesz poszerzy\u0107 mo\u017cliwo\u015bci kasy Bingo Max2, pod\u0142\u0105czaj\u0105c do niej urz\u0105dzenia wspomagaj\u0105ce sprzeda\u017c, mi\u0119dzy innymi: wag\u0119, czytnik kod\u00f3w kreskowych, terminal p\u0142atniczy, szuflad\u0119 kasow\u0105. DU\u017bA BAZA TOWAROWA (PLU) Bingo Max2 oferuje du\u017c\u0105 baz\u0119 towarow\u0105. W standardowej wersji jest to 10 000 PLU, a po rozszerzeniu do 30 000 PLU, a nawet 60 000 PLU &#8211; to dwa razy wi\u0119cej ni\u017c w Bingo Max ONLINE! Dzi\u0119ki temu, u\u017cytkownik mo\u017ce zaprogramowa\u0107 nawet mocno rozbudowany asortyment produkt\u00f3w. GOTOWA NA E-PARAGON Kasa Bingo Max2 jest produktem w pe\u0142ni nowoczesnym. Ma m.in. funkcjonalno\u015bci pozwalaj\u0105ce jej przesy\u0142a\u0107 e-paragony do klient\u00f3w.<\/p>\n","protected":false},"featured_media":251,"comment_status":"open","ping_status":"closed","template":"","meta":{"_kad_post_transparent":"default","_kad_post_title":"","_kad_post_layout":"default","_kad_post_sidebar_id":"","_kad_post_content_style":"default","_kad_post_vertical_padding":"default","_kad_post_feature":"","_kad_post_feature_position":"","_kad_post_header":false,"_kad_post_footer":false},"product_brand":[17],"product_cat":[19],"product_tag":[],"class_list":{"0":"post-287","1":"product","2":"type-product","3":"status-publish","4":"has-post-thumbnail","6":"product_brand-posnet","7":"product_cat-kasy-fiskalne","9":"first","10":"instock","11":"shipping-taxable","12":"purchasable","13":"product-type-variable","14":"has-default-attributes","15":"entry","16":"content-bg","17":"loop-entry"},"_links":{"self":[{"href":"https:\/\/amicomcsp.pl\/index.php\/wp-json\/wp\/v2\/product\/287","targetHints":{"allow":["GET"]}}],"collection":[{"href":"https:\/\/amicomcsp.pl\/index.php\/wp-json\/wp\/v2\/product"}],"about":[{"href":"https:\/\/amicomcsp.pl\/index.php\/wp-json\/wp\/v2\/types\/product"}],"replies":[{"embeddable":true,"href":"https:\/\/amicomcsp.pl\/index.php\/wp-json\/wp\/v2\/comments?post=287"}],"wp:featuredmedia":[{"embeddable":true,"href":"https:\/\/amicomcsp.pl\/index.php\/wp-json\/wp\/v2\/media\/251"}],"wp:attachment":[{"href":"https:\/\/amicomcsp.pl\/index.php\/wp-json\/wp\/v2\/media?parent=287"}],"wp:term":[{"taxonomy":"product_brand","embeddable":true,"href":"https:\/\/amicomcsp.pl\/index.php\/wp-json\/wp\/v2\/product_brand?post=287"},{"taxonomy":"product_cat","embeddable":true,"href":"https:\/\/amicomcsp.pl\/index.php\/wp-json\/wp\/v2\/product_cat?post=287"},{"taxonomy":"product_tag","embeddable":true,"href":"https:\/\/amicomcsp.pl\/index.php\/wp-json\/wp\/v2\/product_tag?post=287"}],"curies":[{"name":"wp","href":"https:\/\/api.w.org\/{rel}","templated":true}]}}