{"id":291,"date":"2025-10-21T10:26:22","date_gmt":"2025-10-21T10:26:22","guid":{"rendered":"https:\/\/amicomcsp.pl\/?post_type=product&#038;p=291"},"modified":"2025-10-23T07:00:21","modified_gmt":"2025-10-23T07:00:21","slug":"posnet-neo-online","status":"publish","type":"product","link":"https:\/\/amicomcsp.pl\/index.php\/produkt\/posnet-neo-online\/","title":{"rendered":"POSNET Neo Online"},"content":{"rendered":"<p>Posnet NEO ONLINE to jedna z najbardziej zaawansowanych kas systemowych, kt\u00f3ra doskonale sprawdza si\u0119 w \u015brednich i du\u017cych plac\u00f3wkach handlowych. Jej u\u017cytkownicy najbardziej ceni\u0105 sobie w tym urz\u0105dzeniu multifunkcyjno\u015b\u0107 i wr\u0119cz legendarn\u0105 odporno\u015b\u0107.<\/p>\n<p><strong>PO\u0141\u0104CZ SI\u0118 Z CRK<\/strong><br \/>\nUrz\u0105dzenie mo\u017cna pod\u0142\u0105czy\u0107 do CRK a\u017c 4 na r\u00f3\u017cne sposoby &#8211; wybierz taki, kt\u00f3rego potrzebujesz. W standardzie dost\u0119pne s\u0105: LAN\/Ethernet oraz USB. Je\u015bli posiadasz komputer z dost\u0119pem do internetu, mo\u017cesz pod\u0142\u0105czy\u0107 do niego kas\u0119 wykorzystuj\u0105c te z\u0142\u0105cza.<\/p>\n<p>Potrzebujesz komunikacji bezprzewodowej? Zam\u00f3w NEO Online w wersji z WiFi.<\/p>\n<p>Czwarty spos\u00f3b po\u0142\u0105czenia z CRK (dla tych, kt\u00f3rzy na sta\u0142e nie posiadaj\u0105 dost\u0119pu do internetu) jest mo\u017cliwy za pomoc\u0105 sieci kom\u00f3rkowej. Ten rodzaj po\u0142\u0105czenia mo\u017cesz uzyska\u0107 wybieraj\u0105c dodatkowe akcesorium &#8211; modem BOX 3G, dedykowany do tego modelu. Modem instalowany jest we wn\u0119ce kasy i b\u0119dzie dzia\u0142a\u0142 po zainstalowaniu karty SIM micro dowolnego operatora. \u015aci\u0105gnij instrukcj\u0119 dotycz\u0105c\u0105 skonfigurowania po\u0142\u0105czenia z CRK w kasach Posnet (Quick OnLine &#8211; instrukcja).<\/p>\n<p><strong>WA\u017bY I MONITORUJE<\/strong><br \/>\nWzbogacili\u015bmy funkcjonalno\u015b\u0107 kasy NEO ONLINE, dodaj\u0105c mo\u017cliwo\u015b\u0107 zintegrowania jej z szalk\u0105 wa\u017c\u0105c\u0105, wsp\u00f3\u0142prac\u0119 z terminalem p\u0142atniczym i jednoczesne korzystanie z r\u00f3\u017cnych interfejs\u00f3w. Kasa posiada automatyczn\u0105 obs\u0142ug\u0119 skanera kod\u00f3w kreskowych, co pozwala na natychmiastow\u0105 sprzeda\u017c z jego u\u017cyciem, bezpo\u015brednio po pod\u0142\u0105czeniu.<br \/>\nCo wi\u0119cej, kasa mo\u017ce tak\u017ce s\u0142u\u017cy\u0107 do wideomonitorowania plac\u00f3wki handlowej.<\/p>\n<p><strong>TWOJA GRAFIKA NA PARAGONACH<\/strong><br \/>\nKa\u017cdy paragon oraz wydruk z kasy mo\u017cna wzbogaci\u0107 o dowoln\u0105 czarno-bia\u0142\u0105 grafik\u0119. U\u017cywaj\u0105c programu Posnet Grafik mo\u017cesz samodzielnie zdefiniowa\u0107 zawarto\u015b\u0107 np.: logo sklepu, p\u0142atna reklama dostawcy czy promocja okoliczno\u015bciowa.<\/p>\n<p><strong>SPRAWDZONA W HANDLOWYM BOJU<\/strong><br \/>\nKasa Posnet NEO ONLINE doskonale sprawdza si\u0119 w sklepach \u015bredniej wielko\u015bci lub marketach spo\u017cywczo-przemys\u0142owych, ale r\u00f3wnie\u017c w sklepach osiedlowych, minimarketach czy delikatesach. Cz\u0119sto jest wybierana przez w\u0142a\u015bcicieli sklep\u00f3w mi\u0119snych, pasmanteryjnych lub monopolowych. Polecamy j\u0105 tak\u017ce do \u015brednich lokali gastronomicznych, piekarni i cukierni.<\/p>\n","protected":false},"excerpt":{"rendered":"<p>Posnet NEO ONLINE to jedna z najbardziej zaawansowanych kas systemowych, kt\u00f3ra doskonale sprawdza si\u0119 w \u015brednich i du\u017cych plac\u00f3wkach handlowych. Jej u\u017cytkownicy najbardziej ceni\u0105 sobie w tym urz\u0105dzeniu multifunkcyjno\u015b\u0107 i wr\u0119cz legendarn\u0105 odporno\u015b\u0107. PO\u0141\u0104CZ SI\u0118 Z CRK Urz\u0105dzenie mo\u017cna pod\u0142\u0105czy\u0107 do CRK a\u017c 4 na r\u00f3\u017cne sposoby &#8211; wybierz taki, kt\u00f3rego potrzebujesz. W standardzie dost\u0119pne s\u0105: LAN\/Ethernet oraz USB. Je\u015bli posiadasz komputer z dost\u0119pem do internetu, mo\u017cesz pod\u0142\u0105czy\u0107 do niego kas\u0119 wykorzystuj\u0105c te z\u0142\u0105cza. Potrzebujesz komunikacji bezprzewodowej? Zam\u00f3w NEO Online w wersji z WiFi. Czwarty spos\u00f3b po\u0142\u0105czenia z CRK (dla tych, kt\u00f3rzy na sta\u0142e nie posiadaj\u0105 dost\u0119pu do internetu) jest mo\u017cliwy za pomoc\u0105 sieci kom\u00f3rkowej. Ten rodzaj po\u0142\u0105czenia mo\u017cesz uzyska\u0107 wybieraj\u0105c dodatkowe akcesorium &#8211; modem BOX 3G, dedykowany do tego modelu. Modem instalowany jest we wn\u0119ce kasy i b\u0119dzie dzia\u0142a\u0142 po zainstalowaniu karty SIM micro dowolnego operatora. \u015aci\u0105gnij instrukcj\u0119 dotycz\u0105c\u0105 skonfigurowania po\u0142\u0105czenia z CRK w kasach Posnet (Quick OnLine &#8211; instrukcja). WA\u017bY I MONITORUJE Wzbogacili\u015bmy funkcjonalno\u015b\u0107 kasy NEO ONLINE, dodaj\u0105c mo\u017cliwo\u015b\u0107 zintegrowania jej z szalk\u0105 wa\u017c\u0105c\u0105, wsp\u00f3\u0142prac\u0119 z terminalem p\u0142atniczym i jednoczesne korzystanie z r\u00f3\u017cnych interfejs\u00f3w. Kasa posiada automatyczn\u0105 obs\u0142ug\u0119 skanera kod\u00f3w kreskowych, co pozwala na natychmiastow\u0105 sprzeda\u017c z jego u\u017cyciem, bezpo\u015brednio po pod\u0142\u0105czeniu. Co wi\u0119cej, kasa mo\u017ce tak\u017ce s\u0142u\u017cy\u0107 do wideomonitorowania plac\u00f3wki handlowej. TWOJA GRAFIKA NA PARAGONACH Ka\u017cdy paragon oraz wydruk z kasy mo\u017cna wzbogaci\u0107 o dowoln\u0105 czarno-bia\u0142\u0105 grafik\u0119. U\u017cywaj\u0105c programu Posnet Grafik mo\u017cesz samodzielnie zdefiniowa\u0107 zawarto\u015b\u0107 np.: logo sklepu, p\u0142atna reklama dostawcy czy promocja okoliczno\u015bciowa. SPRAWDZONA W HANDLOWYM BOJU Kasa Posnet NEO ONLINE doskonale sprawdza si\u0119 w sklepach \u015bredniej wielko\u015bci lub marketach spo\u017cywczo-przemys\u0142owych, ale r\u00f3wnie\u017c w sklepach osiedlowych, minimarketach czy delikatesach. Cz\u0119sto jest wybierana przez w\u0142a\u015bcicieli sklep\u00f3w mi\u0119snych, pasmanteryjnych lub monopolowych. Polecamy j\u0105 tak\u017ce do \u015brednich lokali gastronomicznych, piekarni i cukierni.<\/p>\n","protected":false},"featured_media":254,"comment_status":"open","ping_status":"closed","template":"","meta":{"_kad_post_transparent":"default","_kad_post_title":"","_kad_post_layout":"default","_kad_post_sidebar_id":"","_kad_post_content_style":"default","_kad_post_vertical_padding":"default","_kad_post_feature":"","_kad_post_feature_position":"","_kad_post_header":false,"_kad_post_footer":false},"product_brand":[17],"product_cat":[19],"product_tag":[],"class_list":{"0":"post-291","1":"product","2":"type-product","3":"status-publish","4":"has-post-thumbnail","6":"product_brand-posnet","7":"product_cat-kasy-fiskalne","9":"first","10":"instock","11":"shipping-taxable","12":"purchasable","13":"product-type-variable","14":"has-default-attributes","15":"entry","16":"content-bg","17":"loop-entry"},"_links":{"self":[{"href":"https:\/\/amicomcsp.pl\/index.php\/wp-json\/wp\/v2\/product\/291","targetHints":{"allow":["GET"]}}],"collection":[{"href":"https:\/\/amicomcsp.pl\/index.php\/wp-json\/wp\/v2\/product"}],"about":[{"href":"https:\/\/amicomcsp.pl\/index.php\/wp-json\/wp\/v2\/types\/product"}],"replies":[{"embeddable":true,"href":"https:\/\/amicomcsp.pl\/index.php\/wp-json\/wp\/v2\/comments?post=291"}],"wp:featuredmedia":[{"embeddable":true,"href":"https:\/\/amicomcsp.pl\/index.php\/wp-json\/wp\/v2\/media\/254"}],"wp:attachment":[{"href":"https:\/\/amicomcsp.pl\/index.php\/wp-json\/wp\/v2\/media?parent=291"}],"wp:term":[{"taxonomy":"product_brand","embeddable":true,"href":"https:\/\/amicomcsp.pl\/index.php\/wp-json\/wp\/v2\/product_brand?post=291"},{"taxonomy":"product_cat","embeddable":true,"href":"https:\/\/amicomcsp.pl\/index.php\/wp-json\/wp\/v2\/product_cat?post=291"},{"taxonomy":"product_tag","embeddable":true,"href":"https:\/\/amicomcsp.pl\/index.php\/wp-json\/wp\/v2\/product_tag?post=291"}],"curies":[{"name":"wp","href":"https:\/\/api.w.org\/{rel}","templated":true}]}}