{"id":309,"date":"2025-10-21T10:53:57","date_gmt":"2025-10-21T10:53:57","guid":{"rendered":"https:\/\/amicomcsp.pl\/?post_type=product&#038;p=309"},"modified":"2025-10-23T06:51:49","modified_gmt":"2025-10-23T06:51:49","slug":"datecs-wp-500-plus","status":"publish","type":"product","link":"https:\/\/amicomcsp.pl\/index.php\/produkt\/datecs-wp-500-plus\/","title":{"rendered":"DATECS WP-500 Plus"},"content":{"rendered":"<p>Kasa fiskalna online DATECS WP-500 to urz\u0105dzenie w swej konstrukcji dedykowane do ma\u0142ych i \u015brednich plac\u00f3wek handlowych oraz ma\u0142ej gastronomii. Potwierdzony badaniami zakres temperatury pracy pozwala u\u017cytkowa\u0107 urz\u0105dzenie przy -5\u00b0C.<\/p>\n<p>Ergonomi\u0119 i komfort u\u017cytkowania zapewniaj\u0105 zainstalowane wy\u015bwietlacze graficzne zapewniaj\u0105ce czytelne informacje zar\u00f3wno dla klienta jak i kasjera. Siedem linii wy\u015bwietlacza operatora zapewnia swobodne przegl\u0105danie zawarto\u015bci paragonu oraz kontrol\u0119 stanu na\u0142adowania akumulatora, pod\u0142\u0105czenia do sieci oraz pokazuje aktualn\u0105 dat\u0119 i godzin\u0119. Natomiast system wymiany papieru typu \u201eWRZU\u0106 I PRACUJ\u201d sprawia, \u017ce obs\u0142uga kasy jest jeszcze prostsza nawet dla pocz\u0105tkuj\u0105cego u\u017cytkownika.<\/p>\n<p>Zastosowany w standardzie interfejs LAN oraz opcjonalne wewn\u0119trzne modu\u0142y komunikacji bezprzewodowej zapewniaj\u0105 dost\u0119p do sieci internetowej z dowolnego miejsca, w kt\u00f3rym znajdziemy si\u0119 w zasi\u0119gu sieci WIFI lub GSM.<\/p>\n<p>Innowacyjna konstrukcja urz\u0105dzenia, bogaty wachlarz interfejs\u00f3w komunikacyjnych i funkcji dodatkowych urz\u0105dzenia sprawia, \u017ce staje si\u0119 ono doskona\u0142e do ma\u0142ych i \u015brednich sklep\u00f3w spo\u017cywczych, przemys\u0142owych lub wielobran\u017cowych.<\/p>\n<p>Funkcje wydruku kwit\u00f3w w po\u0142\u0105czeniu z du\u017c\u0105 liczb\u0105 klawiszy bezpo\u015brednich PLU znajduj\u0105 zastosowanie w lodziarniach, barach szybkiej obs\u0142ugi, sma\u017calniach, bistro do drukowania zam\u00f3wie\u0144, w pralni lub podobnych zak\u0142adach us\u0142ugowych do wydawania pokwitowa\u0144, drukowania bilet\u00f3w wst\u0119pu do klub\u00f3w fitness, spa, si\u0142owni czy basen\u00f3w.<\/p>\n<p>Zapewniony w wersji kasy GPRS z karta SIM w ramach trzyletniego pakietu dost\u0119p do Internetu umo\u017cliwia po\u0142\u0105czenie z CRK z dowolnego miejsca w kraju. Nielimitowany pakiet danych daje gwarancj\u0119 przesy\u0142ania dowolnej wielko\u015bci informacji zgodnie z odebranym z Repozytorium Ministerstwa Finans\u00f3w harmonogramem dla kasy.<\/p>\n","protected":false},"excerpt":{"rendered":"<p>Kasa fiskalna online DATECS WP-500 to urz\u0105dzenie w swej konstrukcji dedykowane do ma\u0142ych i \u015brednich plac\u00f3wek handlowych oraz ma\u0142ej gastronomii. Potwierdzony badaniami zakres temperatury pracy pozwala u\u017cytkowa\u0107 urz\u0105dzenie przy -5\u00b0C. Ergonomi\u0119 i komfort u\u017cytkowania zapewniaj\u0105 zainstalowane wy\u015bwietlacze graficzne zapewniaj\u0105ce czytelne informacje zar\u00f3wno dla klienta jak i kasjera. Siedem linii wy\u015bwietlacza operatora zapewnia swobodne przegl\u0105danie zawarto\u015bci paragonu oraz kontrol\u0119 stanu na\u0142adowania akumulatora, pod\u0142\u0105czenia do sieci oraz pokazuje aktualn\u0105 dat\u0119 i godzin\u0119. Natomiast system wymiany papieru typu \u201eWRZU\u0106 I PRACUJ\u201d sprawia, \u017ce obs\u0142uga kasy jest jeszcze prostsza nawet dla pocz\u0105tkuj\u0105cego u\u017cytkownika. Zastosowany w standardzie interfejs LAN oraz opcjonalne wewn\u0119trzne modu\u0142y komunikacji bezprzewodowej zapewniaj\u0105 dost\u0119p do sieci internetowej z dowolnego miejsca, w kt\u00f3rym znajdziemy si\u0119 w zasi\u0119gu sieci WIFI lub GSM. Innowacyjna konstrukcja urz\u0105dzenia, bogaty wachlarz interfejs\u00f3w komunikacyjnych i funkcji dodatkowych urz\u0105dzenia sprawia, \u017ce staje si\u0119 ono doskona\u0142e do ma\u0142ych i \u015brednich sklep\u00f3w spo\u017cywczych, przemys\u0142owych lub wielobran\u017cowych. Funkcje wydruku kwit\u00f3w w po\u0142\u0105czeniu z du\u017c\u0105 liczb\u0105 klawiszy bezpo\u015brednich PLU znajduj\u0105 zastosowanie w lodziarniach, barach szybkiej obs\u0142ugi, sma\u017calniach, bistro do drukowania zam\u00f3wie\u0144, w pralni lub podobnych zak\u0142adach us\u0142ugowych do wydawania pokwitowa\u0144, drukowania bilet\u00f3w wst\u0119pu do klub\u00f3w fitness, spa, si\u0142owni czy basen\u00f3w. Zapewniony w wersji kasy GPRS z karta SIM w ramach trzyletniego pakietu dost\u0119p do Internetu umo\u017cliwia po\u0142\u0105czenie z CRK z dowolnego miejsca w kraju. Nielimitowany pakiet danych daje gwarancj\u0119 przesy\u0142ania dowolnej wielko\u015bci informacji zgodnie z odebranym z Repozytorium Ministerstwa Finans\u00f3w harmonogramem dla kasy.<\/p>\n","protected":false},"featured_media":249,"comment_status":"open","ping_status":"closed","template":"","meta":{"_kad_post_transparent":"default","_kad_post_title":"","_kad_post_layout":"default","_kad_post_sidebar_id":"","_kad_post_content_style":"default","_kad_post_vertical_padding":"default","_kad_post_feature":"","_kad_post_feature_position":"","_kad_post_header":false,"_kad_post_footer":false},"product_brand":[18],"product_cat":[19],"product_tag":[],"class_list":{"0":"post-309","1":"product","2":"type-product","3":"status-publish","4":"has-post-thumbnail","6":"product_brand-datecs","7":"product_cat-kasy-fiskalne","9":"first","10":"instock","11":"shipping-taxable","12":"purchasable","13":"product-type-variable","14":"has-default-attributes","15":"entry","16":"content-bg","17":"loop-entry"},"_links":{"self":[{"href":"https:\/\/amicomcsp.pl\/index.php\/wp-json\/wp\/v2\/product\/309","targetHints":{"allow":["GET"]}}],"collection":[{"href":"https:\/\/amicomcsp.pl\/index.php\/wp-json\/wp\/v2\/product"}],"about":[{"href":"https:\/\/amicomcsp.pl\/index.php\/wp-json\/wp\/v2\/types\/product"}],"replies":[{"embeddable":true,"href":"https:\/\/amicomcsp.pl\/index.php\/wp-json\/wp\/v2\/comments?post=309"}],"wp:featuredmedia":[{"embeddable":true,"href":"https:\/\/amicomcsp.pl\/index.php\/wp-json\/wp\/v2\/media\/249"}],"wp:attachment":[{"href":"https:\/\/amicomcsp.pl\/index.php\/wp-json\/wp\/v2\/media?parent=309"}],"wp:term":[{"taxonomy":"product_brand","embeddable":true,"href":"https:\/\/amicomcsp.pl\/index.php\/wp-json\/wp\/v2\/product_brand?post=309"},{"taxonomy":"product_cat","embeddable":true,"href":"https:\/\/amicomcsp.pl\/index.php\/wp-json\/wp\/v2\/product_cat?post=309"},{"taxonomy":"product_tag","embeddable":true,"href":"https:\/\/amicomcsp.pl\/index.php\/wp-json\/wp\/v2\/product_tag?post=309"}],"curies":[{"name":"wp","href":"https:\/\/api.w.org\/{rel}","templated":true}]}}