{"id":323,"date":"2025-10-21T15:21:29","date_gmt":"2025-10-21T15:21:29","guid":{"rendered":"https:\/\/amicomcsp.pl\/?post_type=product&#038;p=323"},"modified":"2025-10-23T06:49:43","modified_gmt":"2025-10-23T06:49:43","slug":"farex-pro300","status":"publish","type":"product","link":"https:\/\/amicomcsp.pl\/index.php\/produkt\/farex-pro300\/","title":{"rendered":"FAREX PRO300"},"content":{"rendered":"<p>Kasa PRO 300 \u2013 ma\u0142a, lekka i przeno\u015bna \u2013 sprawdzi si\u0119 idealnie u Przedsi\u0119biorc\u00f3w, kt\u00f3rzy dysponuj\u0105 niewielk\u0105 przestrzeni\u0105 robocz\u0105 i potrzebuj\u0105 prostego lecz w pe\u0142ni wydajnego urz\u0105dzenia, lub kt\u00f3rzy realizuj\u0105 sprzeda\u017c poza punktem handlowym.<\/p>\n<p>Kasy Farex PRO300 s\u0105 jednym z najbardziej uniwersalnych rozwi\u0105za\u0144 fiskalnych online na rynku. Urz\u0105dzenia w wersji bazowej obs\u0142uguj\u0105 dwie metody komunikacji, natomiast kasy w wersji GSM \u2013 a\u017c trzy!<\/p>\n<ul>\n<li>LAN (kabel sieciowy)<\/li>\n<li>Wi-Fi (zewn\u0119trzny modem USB)<\/li>\n<li>GSM (wbudowany modem GSM &amp; pakiet serwisowy Farex ONline)<\/li>\n<\/ul>\n","protected":false},"excerpt":{"rendered":"<p>Kasa PRO 300 \u2013 ma\u0142a, lekka i przeno\u015bna \u2013 sprawdzi si\u0119 idealnie u Przedsi\u0119biorc\u00f3w, kt\u00f3rzy dysponuj\u0105 niewielk\u0105 przestrzeni\u0105 robocz\u0105 i potrzebuj\u0105 prostego lecz w pe\u0142ni wydajnego urz\u0105dzenia, lub kt\u00f3rzy realizuj\u0105 sprzeda\u017c poza punktem handlowym. Kasy Farex PRO300 s\u0105 jednym z najbardziej uniwersalnych rozwi\u0105za\u0144 fiskalnych online na rynku. Urz\u0105dzenia w wersji bazowej obs\u0142uguj\u0105 dwie metody komunikacji, natomiast kasy w wersji GSM \u2013 a\u017c trzy! LAN (kabel sieciowy) Wi-Fi (zewn\u0119trzny modem USB) GSM (wbudowany modem GSM &amp; pakiet serwisowy Farex ONline)<\/p>\n","protected":false},"featured_media":332,"comment_status":"open","ping_status":"closed","template":"","meta":{"_kad_post_transparent":"default","_kad_post_title":"","_kad_post_layout":"default","_kad_post_sidebar_id":"","_kad_post_content_style":"default","_kad_post_vertical_padding":"default","_kad_post_feature":"","_kad_post_feature_position":"","_kad_post_header":false,"_kad_post_footer":false},"product_brand":[24],"product_cat":[19],"product_tag":[],"class_list":{"0":"post-323","1":"product","2":"type-product","3":"status-publish","4":"has-post-thumbnail","6":"product_brand-farex","7":"product_cat-kasy-fiskalne","9":"first","10":"instock","11":"shipping-taxable","12":"purchasable","13":"product-type-variable","14":"has-default-attributes","15":"entry","16":"content-bg","17":"loop-entry"},"_links":{"self":[{"href":"https:\/\/amicomcsp.pl\/index.php\/wp-json\/wp\/v2\/product\/323","targetHints":{"allow":["GET"]}}],"collection":[{"href":"https:\/\/amicomcsp.pl\/index.php\/wp-json\/wp\/v2\/product"}],"about":[{"href":"https:\/\/amicomcsp.pl\/index.php\/wp-json\/wp\/v2\/types\/product"}],"replies":[{"embeddable":true,"href":"https:\/\/amicomcsp.pl\/index.php\/wp-json\/wp\/v2\/comments?post=323"}],"wp:featuredmedia":[{"embeddable":true,"href":"https:\/\/amicomcsp.pl\/index.php\/wp-json\/wp\/v2\/media\/332"}],"wp:attachment":[{"href":"https:\/\/amicomcsp.pl\/index.php\/wp-json\/wp\/v2\/media?parent=323"}],"wp:term":[{"taxonomy":"product_brand","embeddable":true,"href":"https:\/\/amicomcsp.pl\/index.php\/wp-json\/wp\/v2\/product_brand?post=323"},{"taxonomy":"product_cat","embeddable":true,"href":"https:\/\/amicomcsp.pl\/index.php\/wp-json\/wp\/v2\/product_cat?post=323"},{"taxonomy":"product_tag","embeddable":true,"href":"https:\/\/amicomcsp.pl\/index.php\/wp-json\/wp\/v2\/product_tag?post=323"}],"curies":[{"name":"wp","href":"https:\/\/api.w.org\/{rel}","templated":true}]}}