{"id":367,"date":"2025-10-21T16:21:54","date_gmt":"2025-10-21T16:21:54","guid":{"rendered":"https:\/\/amicomcsp.pl\/?post_type=product&#038;p=367"},"modified":"2025-10-23T06:45:32","modified_gmt":"2025-10-23T06:45:32","slug":"elzab-mini-online-kl-mod","status":"publish","type":"product","link":"https:\/\/amicomcsp.pl\/index.php\/produkt\/elzab-mini-online-kl-mod\/","title":{"rendered":"ELZAB Mini Online (kl. mod.)"},"content":{"rendered":"<p><strong>Polecane dla bran\u017c:<br \/>\n<\/strong><br \/>\nwarsztaty samochodowe i serwisy opon, gastronomia, sprzeda\u017c w\u0119gla, fryzjerzy, kosmetyczki, bran\u017ca budowlana, prawnicy, lekarze, bran\u017ca fitness.<\/p>\n<p>Kasy online dla warsztat\u00f3w samochodowych Kasy online dla gastronomii Kasy online dla sprzeda\u017cy w\u0119gla Kasy online dla salonu fryzjerskiego Kasy online dla salonu kosmetycznego Kasy online dla bran\u017cy budowlanej Kasy online dla prawnik\u00f3w Kasy online dla lekarzy Kasy online dla bran\u017cy fitness<\/p>\n<p><strong>POPULARNA<\/strong><\/p>\n<p>Jedna z najbardziej popularnych kas fiskalnych na rynku &#8211; ELZAB Mini &#8211; teraz dost\u0119pna w wersji ONLINE.<\/p>\n<p>ELZAB Mini ONLINE z klawiatur\u0105 modu\u0142ow\u0105 to propozycja dla poszukuj\u0105cych prostej w obs\u0142udze kasy fiskalnej z mo\u017cliwo\u015bci\u0105 bezpo\u015bredniego pod\u0142\u0105czenia wielu urz\u0105dze\u0144 zewn\u0119trznych.<br \/>\nMa\u0142a, prosta w obs\u0142udze kasa z wydajnym akumulatorem. Dedykowana zar\u00f3wno dla ma\u0142ych plac\u00f3wek handlowych, jak i punkt\u00f3w us\u0142ugowych. Przeznaczona do pracy stacjonarnej oraz w terenie. Wyposa\u017cona w z\u0142\u0105cze LAN, posiada mo\u017cliwo\u015b\u0107 rozszerzenia o opcjonalnie montowany modu\u0142 komunikacji bezprzewodowej Bluetooth\/ WiFi, kt\u00f3ry mo\u017cesz wykorzysta\u0107 do komunikacji z Centralnym Repozytorium Kas. Modu\u0142 to dodatkowe akcesorium, w kt\u00f3re doposa\u017cysz kas\u0119 w dowolnym momencie.<\/p>\n<p>Niewielkie wymiary i waga, \u0142atwa wymiana papieru, szybki wydruk paragon\u00f3w, a tak\u017ce wsp\u00f3\u0142praca z szuflad\u0105, czytnikiem kod\u00f3w kreskowych, wag\u0105 oraz komputerem to tylko nieliczne atuty modelu kasy ELZAB Mini ONLINE z klawiatur\u0105 modu\u0142ow\u0105.<\/p>\n<p><strong>Warte podkre\u015blenia<br \/>\n<\/strong><br \/>\n&#8211; komunikacja z Centralnym Repozytorium Kas<br \/>\n&#8211; du\u017ca liczba znak\u00f3w w nazwie towaru pozwalaj\u0105ca tworzy\u0107 czytelne opisy produkt\u00f3w na paragonach<br \/>\n&#8211; elastyczne definiowanie klawiszy<br \/>\n&#8211; urz\u0105dzenie obs\u0142uguje wydawanie e-paragon\u00f3w<\/p>\n","protected":false},"excerpt":{"rendered":"<p>Polecane dla bran\u017c: warsztaty samochodowe i serwisy opon, gastronomia, sprzeda\u017c w\u0119gla, fryzjerzy, kosmetyczki, bran\u017ca budowlana, prawnicy, lekarze, bran\u017ca fitness. Kasy online dla warsztat\u00f3w samochodowych Kasy online dla gastronomii Kasy online dla sprzeda\u017cy w\u0119gla Kasy online dla salonu fryzjerskiego Kasy online dla salonu kosmetycznego Kasy online dla bran\u017cy budowlanej Kasy online dla prawnik\u00f3w Kasy online dla lekarzy Kasy online dla bran\u017cy fitness POPULARNA Jedna z najbardziej popularnych kas fiskalnych na rynku &#8211; ELZAB Mini &#8211; teraz dost\u0119pna w wersji ONLINE. ELZAB Mini ONLINE z klawiatur\u0105 modu\u0142ow\u0105 to propozycja dla poszukuj\u0105cych prostej w obs\u0142udze kasy fiskalnej z mo\u017cliwo\u015bci\u0105 bezpo\u015bredniego pod\u0142\u0105czenia wielu urz\u0105dze\u0144 zewn\u0119trznych. Ma\u0142a, prosta w obs\u0142udze kasa z wydajnym akumulatorem. Dedykowana zar\u00f3wno dla ma\u0142ych plac\u00f3wek handlowych, jak i punkt\u00f3w us\u0142ugowych. Przeznaczona do pracy stacjonarnej oraz w terenie. Wyposa\u017cona w z\u0142\u0105cze LAN, posiada mo\u017cliwo\u015b\u0107 rozszerzenia o opcjonalnie montowany modu\u0142 komunikacji bezprzewodowej Bluetooth\/ WiFi, kt\u00f3ry mo\u017cesz wykorzysta\u0107 do komunikacji z Centralnym Repozytorium Kas. Modu\u0142 to dodatkowe akcesorium, w kt\u00f3re doposa\u017cysz kas\u0119 w dowolnym momencie. Niewielkie wymiary i waga, \u0142atwa wymiana papieru, szybki wydruk paragon\u00f3w, a tak\u017ce wsp\u00f3\u0142praca z szuflad\u0105, czytnikiem kod\u00f3w kreskowych, wag\u0105 oraz komputerem to tylko nieliczne atuty modelu kasy ELZAB Mini ONLINE z klawiatur\u0105 modu\u0142ow\u0105. Warte podkre\u015blenia &#8211; komunikacja z Centralnym Repozytorium Kas &#8211; du\u017ca liczba znak\u00f3w w nazwie towaru pozwalaj\u0105ca tworzy\u0107 czytelne opisy produkt\u00f3w na paragonach &#8211; elastyczne definiowanie klawiszy &#8211; urz\u0105dzenie obs\u0142uguje wydawanie e-paragon\u00f3w<\/p>\n","protected":false},"featured_media":331,"comment_status":"open","ping_status":"closed","template":"","meta":{"_kad_post_transparent":"default","_kad_post_title":"","_kad_post_layout":"default","_kad_post_sidebar_id":"","_kad_post_content_style":"default","_kad_post_vertical_padding":"default","_kad_post_feature":"","_kad_post_feature_position":"","_kad_post_header":false,"_kad_post_footer":false},"product_brand":[25],"product_cat":[19],"product_tag":[],"class_list":{"0":"post-367","1":"product","2":"type-product","3":"status-publish","4":"has-post-thumbnail","6":"product_brand-elzab","7":"product_cat-kasy-fiskalne","9":"first","10":"instock","11":"shipping-taxable","12":"purchasable","13":"product-type-variable","14":"has-default-attributes","15":"entry","16":"content-bg","17":"loop-entry"},"_links":{"self":[{"href":"https:\/\/amicomcsp.pl\/index.php\/wp-json\/wp\/v2\/product\/367","targetHints":{"allow":["GET"]}}],"collection":[{"href":"https:\/\/amicomcsp.pl\/index.php\/wp-json\/wp\/v2\/product"}],"about":[{"href":"https:\/\/amicomcsp.pl\/index.php\/wp-json\/wp\/v2\/types\/product"}],"replies":[{"embeddable":true,"href":"https:\/\/amicomcsp.pl\/index.php\/wp-json\/wp\/v2\/comments?post=367"}],"wp:featuredmedia":[{"embeddable":true,"href":"https:\/\/amicomcsp.pl\/index.php\/wp-json\/wp\/v2\/media\/331"}],"wp:attachment":[{"href":"https:\/\/amicomcsp.pl\/index.php\/wp-json\/wp\/v2\/media?parent=367"}],"wp:term":[{"taxonomy":"product_brand","embeddable":true,"href":"https:\/\/amicomcsp.pl\/index.php\/wp-json\/wp\/v2\/product_brand?post=367"},{"taxonomy":"product_cat","embeddable":true,"href":"https:\/\/amicomcsp.pl\/index.php\/wp-json\/wp\/v2\/product_cat?post=367"},{"taxonomy":"product_tag","embeddable":true,"href":"https:\/\/amicomcsp.pl\/index.php\/wp-json\/wp\/v2\/product_tag?post=367"}],"curies":[{"name":"wp","href":"https:\/\/api.w.org\/{rel}","templated":true}]}}