{"id":370,"date":"2025-10-21T16:24:29","date_gmt":"2025-10-21T16:24:29","guid":{"rendered":"https:\/\/amicomcsp.pl\/?post_type=product&#038;p=370"},"modified":"2025-10-23T06:44:42","modified_gmt":"2025-10-23T06:44:42","slug":"elzab-jota-online","status":"publish","type":"product","link":"https:\/\/amicomcsp.pl\/index.php\/produkt\/elzab-jota-online\/","title":{"rendered":"ELZAB Jota Online"},"content":{"rendered":"<p>Kasa ELZAB Jota ONLINE to niezawodna kasa fiskalna wyposa\u017cona w trwa\u0142\u0105 klawiatur\u0119 mechaniczn\u0105 oraz 4-liniowy wy\u015bwietlacz kasjera. Konstrukcja oparta o sprawdzone, zaawansowane rozwi\u0105zania systemowe modelu ELZAB Jota z kopi\u0105 elektroniczn\u0105. Przeznaczona do pracy w sklepach spo\u017cywczych, mi\u0119snych, cukierniach, piekarniach, ma\u0142ej gastronomii, szczeg\u00f3lnie tam, gdzie mo\u017cliwa jest praca w sieci LAN\/WAN. Posiada podtrzymanie akumulatorowe, mo\u017ce r\u00f3wnie\u017c pracowa\u0107 zasilana z gniazdka zapalniczki samochodowej.<\/p>\n<p>Bogata funkcjonalno\u015b\u0107 ELZAB Joty ONLINE pozwala zarz\u0105dza\u0107 prac\u0105 kasjer\u00f3w oraz prowadzi\u0107 wygodn\u0105 sprzeda\u017c. Prace na kasie usprawniaj\u0105 rozbudowane mo\u017cliwo\u015bci promocji i rabat\u00f3w, wsp\u00f3\u0142praca z wagami i wago-skanerami, terminalem kart p\u0142atniczych, szuflad\u0105, skanerem kod\u00f3w kreskowych oraz wiele sposob\u00f3w komunikacji z komputerem.<br \/>\nELZAB Jota ONLINE wyposa\u017cona jest standardowo w z\u0142\u0105cze LAN, kt\u00f3re mo\u017cna wykorzysta\u0107 do komunikacji z Centralnym Repozytorium Kas. Komunikacj\u0119 z CRK mo\u017cemy rozszerzy\u0107 o po\u0142\u0105czenie bezprzewodowe wyposa\u017caj\u0105c kas\u0119 w dodatkowe akcesorium. Modu\u0142 Bluetooth\/ WiFi opr\u00f3cz komunikacji z CRK, mo\u017ce by\u0107 wykorzystywany do zapewnienia komunikacji kasy i terminala kart p\u0142atniczych, czytnika kod\u00f3w kreskowych lub komputera.<\/p>\n<p><strong>Warte podkre\u015blenia<br \/>\n<\/strong><br \/>\n&#8211; komunikacja z Centralnym Repozytorium Kas<br \/>\n&#8211; d\u0142uga nazwa towaru (40 znak\u00f3w)<br \/>\n&#8211; obs\u0142uga systemu lojalno\u015bciowego opartego na kodach kreskowych<br \/>\n&#8211; mo\u017cliwo\u015b\u0107 bezpo\u015bredniego pod\u0142\u0105czenia do komputera (mini USB, RS-232), przez sie\u0107 LAN, opcjonalnie bezprzewodowo (Wifi, Bluetooth)<br \/>\n&#8211; wsp\u00f3\u0142praca z wag\u0105 lub wieloma wagami (RS-232, HUB USB)<br \/>\n&#8211; urz\u0105dzenie obs\u0142uguje wydawanie e-paragon\u00f3w<\/p>\n","protected":false},"excerpt":{"rendered":"<p>Kasa ELZAB Jota ONLINE to niezawodna kasa fiskalna wyposa\u017cona w trwa\u0142\u0105 klawiatur\u0119 mechaniczn\u0105 oraz 4-liniowy wy\u015bwietlacz kasjera. Konstrukcja oparta o sprawdzone, zaawansowane rozwi\u0105zania systemowe modelu ELZAB Jota z kopi\u0105 elektroniczn\u0105. Przeznaczona do pracy w sklepach spo\u017cywczych, mi\u0119snych, cukierniach, piekarniach, ma\u0142ej gastronomii, szczeg\u00f3lnie tam, gdzie mo\u017cliwa jest praca w sieci LAN\/WAN. Posiada podtrzymanie akumulatorowe, mo\u017ce r\u00f3wnie\u017c pracowa\u0107 zasilana z gniazdka zapalniczki samochodowej. Bogata funkcjonalno\u015b\u0107 ELZAB Joty ONLINE pozwala zarz\u0105dza\u0107 prac\u0105 kasjer\u00f3w oraz prowadzi\u0107 wygodn\u0105 sprzeda\u017c. Prace na kasie usprawniaj\u0105 rozbudowane mo\u017cliwo\u015bci promocji i rabat\u00f3w, wsp\u00f3\u0142praca z wagami i wago-skanerami, terminalem kart p\u0142atniczych, szuflad\u0105, skanerem kod\u00f3w kreskowych oraz wiele sposob\u00f3w komunikacji z komputerem. ELZAB Jota ONLINE wyposa\u017cona jest standardowo w z\u0142\u0105cze LAN, kt\u00f3re mo\u017cna wykorzysta\u0107 do komunikacji z Centralnym Repozytorium Kas. Komunikacj\u0119 z CRK mo\u017cemy rozszerzy\u0107 o po\u0142\u0105czenie bezprzewodowe wyposa\u017caj\u0105c kas\u0119 w dodatkowe akcesorium. Modu\u0142 Bluetooth\/ WiFi opr\u00f3cz komunikacji z CRK, mo\u017ce by\u0107 wykorzystywany do zapewnienia komunikacji kasy i terminala kart p\u0142atniczych, czytnika kod\u00f3w kreskowych lub komputera. Warte podkre\u015blenia &#8211; komunikacja z Centralnym Repozytorium Kas &#8211; d\u0142uga nazwa towaru (40 znak\u00f3w) &#8211; obs\u0142uga systemu lojalno\u015bciowego opartego na kodach kreskowych &#8211; mo\u017cliwo\u015b\u0107 bezpo\u015bredniego pod\u0142\u0105czenia do komputera (mini USB, RS-232), przez sie\u0107 LAN, opcjonalnie bezprzewodowo (Wifi, Bluetooth) &#8211; wsp\u00f3\u0142praca z wag\u0105 lub wieloma wagami (RS-232, HUB USB) &#8211; urz\u0105dzenie obs\u0142uguje wydawanie e-paragon\u00f3w<\/p>\n","protected":false},"featured_media":327,"comment_status":"open","ping_status":"closed","template":"","meta":{"_kad_post_transparent":"default","_kad_post_title":"","_kad_post_layout":"default","_kad_post_sidebar_id":"","_kad_post_content_style":"default","_kad_post_vertical_padding":"default","_kad_post_feature":"","_kad_post_feature_position":"","_kad_post_header":false,"_kad_post_footer":false},"product_brand":[25],"product_cat":[19],"product_tag":[],"class_list":{"0":"post-370","1":"product","2":"type-product","3":"status-publish","4":"has-post-thumbnail","6":"product_brand-elzab","7":"product_cat-kasy-fiskalne","9":"first","10":"instock","11":"sale","12":"shipping-taxable","13":"purchasable","14":"product-type-variable","15":"has-default-attributes","16":"entry","17":"content-bg","18":"loop-entry"},"_links":{"self":[{"href":"https:\/\/amicomcsp.pl\/index.php\/wp-json\/wp\/v2\/product\/370","targetHints":{"allow":["GET"]}}],"collection":[{"href":"https:\/\/amicomcsp.pl\/index.php\/wp-json\/wp\/v2\/product"}],"about":[{"href":"https:\/\/amicomcsp.pl\/index.php\/wp-json\/wp\/v2\/types\/product"}],"replies":[{"embeddable":true,"href":"https:\/\/amicomcsp.pl\/index.php\/wp-json\/wp\/v2\/comments?post=370"}],"wp:featuredmedia":[{"embeddable":true,"href":"https:\/\/amicomcsp.pl\/index.php\/wp-json\/wp\/v2\/media\/327"}],"wp:attachment":[{"href":"https:\/\/amicomcsp.pl\/index.php\/wp-json\/wp\/v2\/media?parent=370"}],"wp:term":[{"taxonomy":"product_brand","embeddable":true,"href":"https:\/\/amicomcsp.pl\/index.php\/wp-json\/wp\/v2\/product_brand?post=370"},{"taxonomy":"product_cat","embeddable":true,"href":"https:\/\/amicomcsp.pl\/index.php\/wp-json\/wp\/v2\/product_cat?post=370"},{"taxonomy":"product_tag","embeddable":true,"href":"https:\/\/amicomcsp.pl\/index.php\/wp-json\/wp\/v2\/product_tag?post=370"}],"curies":[{"name":"wp","href":"https:\/\/api.w.org\/{rel}","templated":true}]}}