{"id":753,"date":"2025-10-23T09:49:27","date_gmt":"2025-10-23T09:49:27","guid":{"rendered":"https:\/\/amicomcsp.pl\/?post_type=product&#038;p=753"},"modified":"2025-10-23T09:50:04","modified_gmt":"2025-10-23T09:50:04","slug":"szalka-wazaca-fawag-ds-2","status":"publish","type":"product","link":"https:\/\/amicomcsp.pl\/index.php\/produkt\/szalka-wazaca-fawag-ds-2\/","title":{"rendered":"Szalka wa\u017c\u0105ca FAWAG DS-2"},"content":{"rendered":"<p>Waga FAWAG DS-2 to prosta, praktyczna i samodzielna waga kontrolna. Dedykowana do r\u00f3\u017cnej wielko\u015bci plac\u00f3wek handlowych, przemys\u0142owych, magazyn\u00f3w, gastronomii, na gie\u0142dy oraz targowiska. Niewielkie rozmiary zapewniaj\u0105 swobodn\u0105 prac\u0119 przy stanowisku. Interfejsy RS-232 i USB pozwalaj\u0105 na komunikacj\u0119 z kas\u0105 fiskaln\u0105 lub komputerem.<\/p>\n","protected":false},"excerpt":{"rendered":"<p>Waga FAWAG DS-2 to prosta, praktyczna i samodzielna waga kontrolna. Dedykowana do r\u00f3\u017cnej wielko\u015bci plac\u00f3wek handlowych, przemys\u0142owych, magazyn\u00f3w, gastronomii, na gie\u0142dy oraz targowiska. Niewielkie rozmiary zapewniaj\u0105 swobodn\u0105 prac\u0119 przy stanowisku. Interfejsy RS-232 i USB pozwalaj\u0105 na komunikacj\u0119 z kas\u0105 fiskaln\u0105 lub komputerem.<\/p>\n","protected":false},"featured_media":752,"comment_status":"open","ping_status":"closed","template":"","meta":{"_kad_post_transparent":"default","_kad_post_title":"","_kad_post_layout":"default","_kad_post_sidebar_id":"","_kad_post_content_style":"default","_kad_post_vertical_padding":"default","_kad_post_feature":"","_kad_post_feature_position":"","_kad_post_header":false,"_kad_post_footer":false},"product_brand":[17],"product_cat":[28],"product_tag":[],"class_list":{"0":"post-753","1":"product","2":"type-product","3":"status-publish","4":"has-post-thumbnail","6":"product_brand-posnet","7":"product_cat-wagi","9":"first","10":"instock","11":"shipping-taxable","12":"purchasable","13":"product-type-simple","14":"entry","15":"content-bg","16":"loop-entry"},"_links":{"self":[{"href":"https:\/\/amicomcsp.pl\/index.php\/wp-json\/wp\/v2\/product\/753","targetHints":{"allow":["GET"]}}],"collection":[{"href":"https:\/\/amicomcsp.pl\/index.php\/wp-json\/wp\/v2\/product"}],"about":[{"href":"https:\/\/amicomcsp.pl\/index.php\/wp-json\/wp\/v2\/types\/product"}],"replies":[{"embeddable":true,"href":"https:\/\/amicomcsp.pl\/index.php\/wp-json\/wp\/v2\/comments?post=753"}],"wp:featuredmedia":[{"embeddable":true,"href":"https:\/\/amicomcsp.pl\/index.php\/wp-json\/wp\/v2\/media\/752"}],"wp:attachment":[{"href":"https:\/\/amicomcsp.pl\/index.php\/wp-json\/wp\/v2\/media?parent=753"}],"wp:term":[{"taxonomy":"product_brand","embeddable":true,"href":"https:\/\/amicomcsp.pl\/index.php\/wp-json\/wp\/v2\/product_brand?post=753"},{"taxonomy":"product_cat","embeddable":true,"href":"https:\/\/amicomcsp.pl\/index.php\/wp-json\/wp\/v2\/product_cat?post=753"},{"taxonomy":"product_tag","embeddable":true,"href":"https:\/\/amicomcsp.pl\/index.php\/wp-json\/wp\/v2\/product_tag?post=753"}],"curies":[{"name":"wp","href":"https:\/\/api.w.org\/{rel}","templated":true}]}}